{"id":2018,"date":"2021-11-08T10:22:55","date_gmt":"2021-11-08T10:22:55","guid":{"rendered":"https:\/\/fanshop.ch\/termes-et-conditions\/"},"modified":"2024-03-18T07:55:15","modified_gmt":"2024-03-18T07:55:15","slug":"termes-et-conditions","status":"publish","type":"page","link":"https:\/\/fanshop.ch\/fr\/termes-et-conditions\/","title":{"rendered":"Conditions"},"content":{"rendered":"[vc_row type=\u00a0\u00bbfull_width_background\u00a0\u00bb full_screen_row_position=\u00a0\u00bbmiddle\u00a0\u00bb column_margin=\u00a0\u00bbdefault\u00a0\u00bb column_direction=\u00a0\u00bbdefault\u00a0\u00bb column_direction_tablet=\u00a0\u00bbdefault\u00a0\u00bb column_direction_phone=\u00a0\u00bbdefault\u00a0\u00bb bg_color=\u00a0\u00bb#f7f7f7&Prime; scene_position=\u00a0\u00bbcenter\u00a0\u00bb top_padding=\u00a0\u00bb8%\u00a0\u00bb bottom_padding=\u00a0\u00bb10%\u00a0\u00bb left_padding_desktop=\u00a0\u00bb5%\u00a0\u00bb constrain_group_2=\u00a0\u00bbyes\u00a0\u00bb right_padding_desktop=\u00a0\u00bb5%\u00a0\u00bb text_color=\u00a0\u00bbdark\u00a0\u00bb text_align=\u00a0\u00bbleft\u00a0\u00bb row_border_radius=\u00a0\u00bbnone\u00a0\u00bb row_border_radius_applies=\u00a0\u00bbbg\u00a0\u00bb zindex=\u00a0\u00bb100&Prime; id=\u00a0\u00bbbeliefs\u00a0\u00bb overlay_strength=\u00a0\u00bb0.3&Prime; gradient_direction=\u00a0\u00bbleft_to_right\u00a0\u00bb shape_divider_position=\u00a0\u00bbbottom\u00a0\u00bb bg_image_animation=\u00a0\u00bbnone\u00a0\u00bb shape_type=\u00a0\u00bb\u00a0\u00bb][vc_column column_padding=\u00a0\u00bbno-extra-padding\u00a0\u00bb column_padding_tablet=\u00a0\u00bbinherit\u00a0\u00bb column_padding_phone=\u00a0\u00bbinherit\u00a0\u00bb column_padding_position=\u00a0\u00bball\u00a0\u00bb column_element_spacing=\u00a0\u00bbdefault\u00a0\u00bb background_color_opacity=\u00a0\u00bb1&Prime; background_hover_color_opacity=\u00a0\u00bb1&Prime; column_shadow=\u00a0\u00bbnone\u00a0\u00bb column_border_radius=\u00a0\u00bbnone\u00a0\u00bb column_link_target=\u00a0\u00bb_self\u00a0\u00bb gradient_direction=\u00a0\u00bbleft_to_right\u00a0\u00bb overlay_strength=\u00a0\u00bb0.3&Prime; width=\u00a0\u00bb1\/1&Prime; tablet_width_inherit=\u00a0\u00bbdefault\u00a0\u00bb tablet_text_alignment=\u00a0\u00bbdefault\u00a0\u00bb phone_text_alignment=\u00a0\u00bbdefault\u00a0\u00bb bg_image_animation=\u00a0\u00bbnone\u00a0\u00bb border_type=\u00a0\u00bbsimple\u00a0\u00bb column_border_width=\u00a0\u00bbnone\u00a0\u00bb column_border_style=\u00a0\u00bbsolid\u00a0\u00bb][vc_row_inner column_margin=\u00a0\u00bbdefault\u00a0\u00bb column_direction=\u00a0\u00bbdefault\u00a0\u00bb column_direction_tablet=\u00a0\u00bbdefault\u00a0\u00bb column_direction_phone=\u00a0\u00bbdefault\u00a0\u00bb text_align=\u00a0\u00bbleft\u00a0\u00bb][vc_column_inner column_padding=\u00a0\u00bbno-extra-padding\u00a0\u00bb column_padding_tablet=\u00a0\u00bbinherit\u00a0\u00bb column_padding_phone=\u00a0\u00bbinherit\u00a0\u00bb column_padding_position=\u00a0\u00bball\u00a0\u00bb column_element_spacing=\u00a0\u00bbdefault\u00a0\u00bb background_color_opacity=\u00a0\u00bb1&Prime; background_hover_color_opacity=\u00a0\u00bb1&Prime; column_shadow=\u00a0\u00bbnone\u00a0\u00bb column_border_radius=\u00a0\u00bbnone\u00a0\u00bb column_link_target=\u00a0\u00bb_self\u00a0\u00bb gradient_direction=\u00a0\u00bbleft_to_right\u00a0\u00bb overlay_strength=\u00a0\u00bb0.3&Prime; width=\u00a0\u00bb1\/1&Prime; tablet_width_inherit=\u00a0\u00bbdefault\u00a0\u00bb bg_image_animation=\u00a0\u00bbnone\u00a0\u00bb border_type=\u00a0\u00bbsimple\u00a0\u00bb column_border_width=\u00a0\u00bbnone\u00a0\u00bb column_border_style=\u00a0\u00bbsolid\u00a0\u00bb][nectar_scrolling_text scroll_direction=\u00a0\u00bbltr\u00a0\u00bb scroll_speed=\u00a0\u00bbslow\u00a0\u00bb text_color=\u00a0\u00bb#69fc2f\u00a0\u00bb style=\u00a0\u00bbtext_outline\u00a0\u00bb outline_thickness=\u00a0\u00bbthin\u00a0\u00bb text_repeat_number=\u00a0\u00bb3&Prime; text_repeat_divider=\u00a0\u00bbnone\u00a0\u00bb overflow=\u00a0\u00bbhidden\u00a0\u00bb background_image_url=\u00a0\u00bb2347&Prime; background_image_animation=\u00a0\u00bbro-reveal-from-bottom\u00a0\u00bb separate_text_coloring=\u00a0\u00bbtrue\u00a0\u00bb text_color_front=\u00a0\u00bb#ffffff\u00a0\u00bb scroll_functionality=\u00a0\u00bbautomatic\u00a0\u00bb custom_font_size=\u00a0\u00bb15vh\u00a0\u00bb custom_font_size_mobile=\u00a0\u00bb11vw\u00a0\u00bb background_image_height=\u00a0\u00bb65vh\u00a0\u00bb]\n<h2><i>TERMES ET CONDITIONS<\/i><\/h2>\n[\/nectar_scrolling_text][\/vc_column_inner][\/vc_row_inner][vc_row_inner column_margin=\u00a0\u00bbdefault\u00a0\u00bb column_direction=\u00a0\u00bbdefault\u00a0\u00bb column_direction_tablet=\u00a0\u00bbdefault\u00a0\u00bb column_direction_phone=\u00a0\u00bbdefault\u00a0\u00bb top_padding=\u00a0\u00bb5%\u00a0\u00bb text_align=\u00a0\u00bbleft\u00a0\u00bb][vc_column_inner column_padding=\u00a0\u00bbno-extra-padding\u00a0\u00bb column_padding_tablet=\u00a0\u00bbinherit\u00a0\u00bb column_padding_phone=\u00a0\u00bbinherit\u00a0\u00bb column_padding_position=\u00a0\u00bball\u00a0\u00bb column_element_spacing=\u00a0\u00bbdefault\u00a0\u00bb background_color_opacity=\u00a0\u00bb1&Prime; background_hover_color_opacity=\u00a0\u00bb1&Prime; column_shadow=\u00a0\u00bbnone\u00a0\u00bb column_border_radius=\u00a0\u00bbnone\u00a0\u00bb column_link_target=\u00a0\u00bb_self\u00a0\u00bb gradient_direction=\u00a0\u00bbleft_to_right\u00a0\u00bb overlay_strength=\u00a0\u00bb0.3&Prime; width=\u00a0\u00bb1\/1&Prime; tablet_width_inherit=\u00a0\u00bbdefault\u00a0\u00bb bg_image_animation=\u00a0\u00bbnone\u00a0\u00bb border_type=\u00a0\u00bbsimple\u00a0\u00bb column_border_width=\u00a0\u00bbnone\u00a0\u00bb column_border_style=\u00a0\u00bbsolid\u00a0\u00bb][vc_column_text]<strong>Protection des donn\u00e9es et s\u00e9curit\u00e9<br \/>\n<\/strong>Toutes les donn\u00e9es et la correspondance sont trait\u00e9es de mani\u00e8re confidentielle par Manroof SARL et par le client. Le client et Manroof SARL ne transmettent pas les donn\u00e9es d&rsquo;adresse \u00e0 des tiers et se conforment \u00e0 la l\u00e9gislation suisse en mati\u00e8re de protection des donn\u00e9es. Les adresses connues de Manroof SARL peuvent \u00eatre utilis\u00e9es \u00e0 des fins publicitaires internes. La base de clients du client de Manroof SARL constitue une exception, ces donn\u00e9es ne sont pas non plus utilis\u00e9es \u00e0 des fins publicitaires internes.<\/p>\n<p><strong>Lieu de juridiction<br \/>\n<\/strong>La relation juridique entre le client et Manroof S\u00e0rl est exclusivement soumise au droit suisse. Le lieu de juridiction et d&rsquo;ex\u00e9cution est la ville de Zurich, la soci\u00e9t\u00e9 Manroof GmbH \u00e9tant \u00e9galement habilit\u00e9e \u00e0 saisir le tribunal comp\u00e9tent du si\u00e8ge social du client.<\/p>\n<p><strong> Date de livraison<\/strong><\/p>\n<p>Les t-shirts de football de fanshop.ch seront exp\u00e9di\u00e9s au plus tard apr\u00e8s 5 jours ouvrables. La livraison est soumise \u00e0 la disponibilit\u00e9 des marchandises. Le d\u00e9lai de livraison est sans engagement, sauf s&rsquo;il est express\u00e9ment convenu par \u00e9crit qu&rsquo;il est contraignant. Les livraisons partielles sont autoris\u00e9es. Les demandes de dommages-int\u00e9r\u00eats ou un droit de r\u00e9tractation par le client en raison d&rsquo;un retard de livraison sont exclus.<\/p>\n<p><strong>D\u00e9fauts<br \/>\n<\/strong> Tout d\u00e9faut, par ex. B. signaler les articles manquants, incorrects ou endommag\u00e9s \u00e0 Manroof GmbH par \u00e9crit et avec justification, incl. Renvoyez une copie d&rsquo;un article d\u00e9fectueux pour \u00e9valuation. Les articles d\u00e9fectueux restants doivent \u00eatre tenus pr\u00eats \u00e0 \u00eatre inspect\u00e9s par Manroof GmbH. Pour les d\u00e9fauts reconnus, Manroof GmbH accorde, \u00e0 sa discr\u00e9tion, soit une r\u00e9duction de prix, une am\u00e9lioration ult\u00e9rieure ou un remplacement par des produits exempts de d\u00e9fauts dans un d\u00e9lai raisonnable et rapide. Toute autre demande de garantie (y compris la garantie en cas de r\u00e9clamations immat\u00e9rielles ou de droit de la concurrence par des tiers) est explicitement exclue, de m\u00eame que, dans la mesure o\u00f9 la loi le permet, toute autre responsabilit\u00e9 pour les dommages directs, indirects ou cons\u00e9cutifs (\u00e0 l&rsquo;exclusion de la n\u00e9gligence grave et intentionnelle) . En outre, la responsabilit\u00e9 de Manroof GmbH est dans tous les cas limit\u00e9e \u00e0 la valeur factur\u00e9e de la livraison correspondante. Apr\u00e8s la livraison, le client est responsable de l&rsquo;utilisation des marchandises.<\/p>\n<p><strong>Taxe sur la valeur ajout\u00e9e (TVA)<br \/>\n<\/strong> La taxe sur la valeur ajout\u00e9e l\u00e9gale de 8.1% est factur\u00e9e sur tous les prix.<\/p>\n<p><strong>Le prix<br \/>\n<\/strong> Les prix sont nets en francs suisses, hors TVA. Transport \/ exp\u00e9dition et TVA. Les prix indiqu\u00e9s dans les listes, les brochures et le site Internet sont des prix indicatifs sans engagement. Manroof GmbH peut modifier ou ajuster les prix \u00e0 tout moment. Les prix de Manroof GmbH valables au moment de la confirmation de commande sont d\u00e9terminants.<\/p>\n<p><strong>Conclusion du contrat<br \/>\n<\/strong> Les offres et offres (y compris les prix calcul\u00e9s individuellement) de Manroof GmbH sont sans engagement. Les confirmations de commande \/ bon pour ex\u00e9cution par le client sont contraignantes pour le client. Le contrat est conclu avec la confirmation de commande de Manroof GmbH (par \u00e9crit, e-mail ou fax) avec le contenu confirm\u00e9 dans la confirmation de commande. Les erreurs ou fautes dans la confirmation de commande doivent \u00eatre signal\u00e9es imm\u00e9diatement par \u00e9crit par le client. Les modifications ult\u00e9rieures demand\u00e9es par le client n\u00e9cessitent l&rsquo;accord de Manroof GmbH et peuvent entra\u00eener un prix plus \u00e9lev\u00e9.<\/p>\n<p><strong>Inefficacit\u00e9<br \/>\n<\/strong> Si une ou plusieurs dispositions des pr\u00e9sentes conditions g\u00e9n\u00e9rales s&rsquo;av\u00e9raient inefficaces, cela n&rsquo;entra\u00eenerait pas l&rsquo;inefficacit\u00e9 de l&rsquo;ensemble des conditions g\u00e9n\u00e9rales. La r\u00e9glementation inefficace sera remplac\u00e9e par une r\u00e9glementation juridiquement efficace qui se rapproche le plus possible de la r\u00e9glementation inefficace.<\/p>\n<p><strong>Echanges et retours<br \/>\n<\/strong> Les \u00e9changes et les retours n\u00e9cessitent l&rsquo;accord \u00e9crit pr\u00e9alable de Manroof GmbH. Les marchandises ne peuvent \u00eatre \u00e9chang\u00e9es que si elles sont en parfait \u00e9tat et dans des cas exceptionnels. Les frais de livraison sont \u00e0 la charge du client.<\/p>\n<p><strong>Droits de propri\u00e9t\u00e9 intellectuelle<br \/>\n<\/strong> Le logo et la marque de Manroof GmbH est une marque prot\u00e9g\u00e9e et ne peut \u00eatre copi\u00e9 ou utilis\u00e9 ill\u00e9galement. Les droits d&rsquo;auteur ou autres droits de propri\u00e9t\u00e9 intellectuelle cr\u00e9\u00e9s par Manroof GmbH restent la propri\u00e9t\u00e9 de Manroof GmbH.<\/p>\n<p>Le client garantit qu&rsquo;il est autoris\u00e9 \u00e0 utiliser tous les logos, marques, \u00e9tiquettes, dessins, textes et similaires et droits de propri\u00e9t\u00e9 intellectuelle connexes que Manroof GmbH doit int\u00e9grer dans les produits et autoriser Manroof GmbH et ses sous-traitants \u00e0 le faire pour utiliser pour l&rsquo;ex\u00e9cution du contrat. Le client lib\u00e8re Manroof GmbH et ses sous-soci\u00e9t\u00e9s de toute r\u00e9clamation de tiers.<\/p>\n<p><strong>exp\u00e9dition<br \/>\n<\/strong> Le client supporte les frais d&rsquo;exp\u00e9dition \/ transport depuis Zurich (depuis la succursale Manroof GmbH).<\/p>\n<p><strong>Paiement<br \/>\n<\/strong> Les t-shirts de football ne sont livr\u00e9s que contre paiement par carte bancaire ou Twint \u00e0 l&rsquo;avance. Les marchandises restent la propri\u00e9t\u00e9 de Manroof GmbH jusqu&rsquo;au paiement final. L&rsquo;acheteur supporte le risque et le risque \u00e0 compter de la r\u00e9ception des marchandises.<\/p>\n<p>Zurich, 13, 21 octobre<\/p>\n<p>Manroof GmbH<br \/>\nMattengasse 7<br \/>\n8005 Z\u00fcrich[\/vc_column_text][\/vc_column_inner][\/vc_row_inner][\/vc_column][\/vc_row]\n","protected":false},"excerpt":{"rendered":"<p>[vc_row type=\u00a0\u00bbfull_width_background\u00a0\u00bb full_screen_row_position=\u00a0\u00bbmiddle\u00a0\u00bb column_margin=\u00a0\u00bbdefault\u00a0\u00bb column_direction=\u00a0\u00bbdefault\u00a0\u00bb column_direction_tablet=\u00a0\u00bbdefault\u00a0\u00bb column_direction_phone=\u00a0\u00bbdefault\u00a0\u00bb bg_color=\u00a0\u00bb#f7f7f7&Prime; scene_position=\u00a0\u00bbcenter\u00a0\u00bb top_padding=\u00a0\u00bb8%\u00a0\u00bb bottom_padding=\u00a0\u00bb10%\u00a0\u00bb left_padding_desktop=\u00a0\u00bb5%\u00a0\u00bb constrain_group_2=\u00a0\u00bbyes\u00a0\u00bb right_padding_desktop=\u00a0\u00bb5%\u00a0\u00bb text_color=\u00a0\u00bbdark\u00a0\u00bb text_align=\u00a0\u00bbleft\u00a0\u00bb row_border_radius=\u00a0\u00bbnone\u00a0\u00bb row_border_radius_applies=\u00a0\u00bbbg\u00a0\u00bb zindex=\u00a0\u00bb100&Prime; id=\u00a0\u00bbbeliefs\u00a0\u00bb overlay_strength=\u00a0\u00bb0.3&Prime; gradient_direction=\u00a0\u00bbleft_to_right\u00a0\u00bb shape_divider_position=\u00a0\u00bbbottom\u00a0\u00bb bg_image_animation=\u00a0\u00bbnone\u00a0\u00bb shape_type=\u00a0\u00bb\u00a0\u00bb][vc_column column_padding=\u00a0\u00bbno-extra-padding\u00a0\u00bb column_padding_tablet=\u00a0\u00bbinherit\u00a0\u00bb column_padding_phone=\u00a0\u00bbinherit\u00a0\u00bb column_padding_position=\u00a0\u00bball\u00a0\u00bb column_element_spacing=\u00a0\u00bbdefault\u00a0\u00bb&#8230;<\/p>\n","protected":false},"author":1,"featured_media":0,"parent":0,"menu_order":0,"comment_status":"closed","ping_status":"closed","template":"","meta":{"footnotes":""},"class_list":["post-2018","page","type-page","status-publish"],"_links":{"self":[{"href":"https:\/\/fanshop.ch\/fr\/wp-json\/wp\/v2\/pages\/2018","targetHints":{"allow":["GET"]}}],"collection":[{"href":"https:\/\/fanshop.ch\/fr\/wp-json\/wp\/v2\/pages"}],"about":[{"href":"https:\/\/fanshop.ch\/fr\/wp-json\/wp\/v2\/types\/page"}],"author":[{"embeddable":true,"href":"https:\/\/fanshop.ch\/fr\/wp-json\/wp\/v2\/users\/1"}],"replies":[{"embeddable":true,"href":"https:\/\/fanshop.ch\/fr\/wp-json\/wp\/v2\/comments?post=2018"}],"version-history":[{"count":10,"href":"https:\/\/fanshop.ch\/fr\/wp-json\/wp\/v2\/pages\/2018\/revisions"}],"predecessor-version":[{"id":6806,"href":"https:\/\/fanshop.ch\/fr\/wp-json\/wp\/v2\/pages\/2018\/revisions\/6806"}],"wp:attachment":[{"href":"https:\/\/fanshop.ch\/fr\/wp-json\/wp\/v2\/media?parent=2018"}],"curies":[{"name":"wp","href":"https:\/\/api.w.org\/{rel}","templated":true}]}}