{"id":3321,"date":"2021-12-15T12:49:24","date_gmt":"2021-12-15T12:49:24","guid":{"rendered":"https:\/\/fanshop.ch\/mot-de-passe-perdu\/"},"modified":"2021-12-15T18:46:33","modified_gmt":"2021-12-15T18:46:33","slug":"mot-de-passe-perdu","status":"publish","type":"page","link":"https:\/\/fanshop.ch\/fr\/mot-de-passe-perdu\/","title":{"rendered":"Mot de passe perdu"},"content":{"rendered":"<p>Veuillez saisir votre nom d&rsquo;utilisateur ou votre adresse e-mail ci-dessous. Vous recevrez un lien pour confirmer la demande par e-mail. Un nouveau mot de passe g\u00e9n\u00e9r\u00e9 sera fourni et pourra \u00eatre modifi\u00e9 ult\u00e9rieurement \u00e0 partir de Mon compte.<\/p>\n<div class=\"uap-pass-form-wrap uap-login-template-9\">\r\n\t<form method=\"post\" >\r\n\t\t<input type=\"hidden\" name=\"uap_reset_password_nonce\" value=\"0e29139b67\" \/>\r\n\t\t<input name=\"uapaction\" type=\"hidden\" value=\"reset_pass\">\r\n\r\n\t\t\t\t\t\t<div class=\"uap-form-line-fr\">\r\n\t\t\t\t\t\t<i class=\"fa-uap fa-username-uap\"><\/i>\r\n\t\t\t\t\t\t<input type=\"text\" value=\"\" name=\"email_or_userlogin\" placeholder=\"Username or E-mail\" \/>\r\n\t\t\t\t\t<\/div>\r\n\t\t\t\t\t<div class=\"uap-form-line-fr uap-form-submit\">\r\n\t\t\t\t\t\t<input type=\"submit\" value=\"Get New Password\" name=\"Submit\" class=\"button button-primary button-large uap-reset-password-button\" \/>\r\n\t\t\t\t\t<\/div>\r\n\t\t\t\t\r\n\t<\/form>\r\n\t<\/div>\r\n\n","protected":false},"excerpt":{"rendered":"<p>Veuillez saisir votre nom d&rsquo;utilisateur ou votre adresse e-mail ci-dessous. Vous recevrez un lien pour confirmer la demande par e-mail. Un nouveau mot de passe g\u00e9n\u00e9r\u00e9 sera fourni et pourra&#8230;<\/p>\n","protected":false},"author":1,"featured_media":0,"parent":0,"menu_order":0,"comment_status":"closed","ping_status":"closed","template":"","meta":{"footnotes":""},"class_list":["post-3321","page","type-page","status-publish"],"_links":{"self":[{"href":"https:\/\/fanshop.ch\/fr\/wp-json\/wp\/v2\/pages\/3321","targetHints":{"allow":["GET"]}}],"collection":[{"href":"https:\/\/fanshop.ch\/fr\/wp-json\/wp\/v2\/pages"}],"about":[{"href":"https:\/\/fanshop.ch\/fr\/wp-json\/wp\/v2\/types\/page"}],"author":[{"embeddable":true,"href":"https:\/\/fanshop.ch\/fr\/wp-json\/wp\/v2\/users\/1"}],"replies":[{"embeddable":true,"href":"https:\/\/fanshop.ch\/fr\/wp-json\/wp\/v2\/comments?post=3321"}],"version-history":[{"count":2,"href":"https:\/\/fanshop.ch\/fr\/wp-json\/wp\/v2\/pages\/3321\/revisions"}],"predecessor-version":[{"id":3372,"href":"https:\/\/fanshop.ch\/fr\/wp-json\/wp\/v2\/pages\/3321\/revisions\/3372"}],"wp:attachment":[{"href":"https:\/\/fanshop.ch\/fr\/wp-json\/wp\/v2\/media?parent=3321"}],"curies":[{"name":"wp","href":"https:\/\/api.w.org\/{rel}","templated":true}]}}