{"id":3326,"date":"2021-12-15T12:53:45","date_gmt":"2021-12-15T12:53:45","guid":{"rendered":"https:\/\/fanshop.ch\/product\/suede\/"},"modified":"2024-03-23T08:20:35","modified_gmt":"2024-03-23T08:20:35","slug":"suede","status":"publish","type":"product","link":"https:\/\/fanshop.ch\/fr\/produit\/suede\/","title":{"rendered":"Su\u00e8de"},"content":{"rendered":"","protected":false},"excerpt":{"rendered":"<p>Choisis ton pays, ton nom, ton num\u00e9ro et ton \u00e9criture et cr\u00e9e ton propre t-shirt de supporter de football.<\/p>\n<p>Taille d\u2019impression : lettres H : 34mm ; num\u00e9ro H : 192mm<\/p>\n","protected":false},"featured_media":3280,"template":"","meta":[],"product_cat":[85],"product_tag":[],"class_list":{"0":"post-3326","1":"product","2":"type-product","3":"status-publish","4":"has-post-thumbnail","6":"product_cat-chemise-fan","8":"first","9":"instock","10":"taxable","11":"shipping-taxable","12":"purchasable","13":"product-type-variable"},"_links":{"self":[{"href":"https:\/\/fanshop.ch\/fr\/wp-json\/wp\/v2\/product\/3326","targetHints":{"allow":["GET"]}}],"collection":[{"href":"https:\/\/fanshop.ch\/fr\/wp-json\/wp\/v2\/product"}],"about":[{"href":"https:\/\/fanshop.ch\/fr\/wp-json\/wp\/v2\/types\/product"}],"wp:featuredmedia":[{"embeddable":true,"href":"https:\/\/fanshop.ch\/fr\/wp-json\/wp\/v2\/media\/3280"}],"wp:attachment":[{"href":"https:\/\/fanshop.ch\/fr\/wp-json\/wp\/v2\/media?parent=3326"}],"wp:term":[{"taxonomy":"product_cat","embeddable":true,"href":"https:\/\/fanshop.ch\/fr\/wp-json\/wp\/v2\/product_cat?post=3326"},{"taxonomy":"product_tag","embeddable":true,"href":"https:\/\/fanshop.ch\/fr\/wp-json\/wp\/v2\/product_tag?post=3326"}],"curies":[{"name":"wp","href":"https:\/\/api.w.org\/{rel}","templated":true}]}}